{"id":881,"date":"2018-05-15T00:00:54","date_gmt":"2018-05-14T22:00:54","guid":{"rendered":"http:\/\/localhost\/solarboat\/?page_id=881"},"modified":"2020-11-10T23:10:41","modified_gmt":"2020-11-10T22:10:41","slug":"zawody","status":"publish","type":"page","link":"https:\/\/solarboat.pwr.edu.pl\/index.php\/glowna-a\/zawody\/","title":{"rendered":"Zawody"},"content":{"rendered":"<div id=\"dslc-content\" class=\"dslc-content dslc-clearfix\"><div id=\"dslc-main\">\r\n\t\t<div  class=\"dslc-modules-section  dslc-init-parallax \" style=\"padding-bottom:95px;padding-top:95px;background-image:url();background-image:url(https:\/\/solarboat.pwr.edu.pl\/wp-content\/uploads\/2023\/03\/IMG_4924-1-scaled.jpg);background-repeat:no-repeat;background-position:center center;background-attachment:parallax;background-size:cover;\" data-section-id=\"4093dd3999f\">\r\n\t\t\t\t<div class=\"dslc-bg-video dslc-force-show\"><div class=\"dslc-bg-video-overlay\" style=\"background-color:#ffffff; opacity:0.3; \"><\/div><\/div>\r\n\t\t\t\t\r\n\t\t\t\t<div class=\"dslc-modules-section-wrapper dslc-clearfix\"><div class=\"dslc-modules-area dslc-col dslc-12-col dslc-last-col dslc-valign- \" data-size=\"12\" data-valign=\"\">\r\n\t\t<div id=\"dslc-module-e998a6952f2\" class=\"dslc-module-front dslc-module-DSLC_Text_Simple dslc-in-viewport-check dslc-in-viewport-anim-none  dslc-col dslc-12-col dslc-last-col  dslc-module-handle-like-regular \" data-module-id=\"e998a6952f2\" data-module=\"DSLC_Text_Simple\" data-dslc-module-size=\"12\" data-dslc-anim=\"none\" data-dslc-anim-delay=\"\" data-dslc-anim-duration=\"650\"  data-dslc-anim-easing=\"ease\" data-dslc-preset=\"dobre\" >\r\n\r\n\t\t\t\r\n\t\t\t\r\n\t\t\r\n\t\t<div class=\"dslc-text-module-content\">\r\n\t\t\t<h2>ZAWODY<\/h2>\t\t<\/div>\r\n\r\n\t\t\r\n\t\t\t\t<\/div><!-- .dslc-module -->\r\n\t\t<\/div><\/div><\/div>\r\n\t\t<div  class=\"dslc-modules-section \" style=\"padding-bottom:0px;padding-top:0px;\" data-section-id=\"4093dd3999f\">\r\n\t\t\t\t\r\n\t\t\t\t\r\n\t\t\t\t<div class=\"dslc-modules-section-wrapper dslc-clearfix\"><div class=\"dslc-modules-area dslc-col dslc-12-col dslc-last-col dslc-valign- \" data-size=\"12\" data-valign=\"\">\r\n\t\t<div id=\"dslc-module-8ea30df5993\" class=\"dslc-module-front dslc-module-DSLC_Separator dslc-in-viewport-check dslc-in-viewport-anim-none  dslc-col dslc-12-col dslc-last-col  dslc-module-handle-like-regular \" data-module-id=\"8ea30df5993\" data-module=\"DSLC_Separator\" data-dslc-module-size=\"12\" data-dslc-anim=\"none\" data-dslc-anim-delay=\"0\" data-dslc-anim-duration=\"650\"  data-dslc-anim-easing=\"ease\" data-dslc-preset=\"none\" >\r\n\r\n\t\t\t\r\n\t\t\t\r\n\t\t\t\t\t<div class=\"dslc-separator-wrapper\">\r\n\t\t\t\t<div class=\"dslc-separator dslc-separator-style-invisible\">\r\n\t\t\t\t\t\t\t\t\t<\/div>\r\n\t\t\t\t<div><\/div>\r\n\t\t\t<\/div><!-- .dslc-separator-wrapper -->\r\n\t\t\t\r\n\t\t\t\t<\/div><!-- .dslc-module -->\r\n\t\t\r\n\t\t<div id=\"dslc-module-49345a8b47d\" class=\"dslc-module-front dslc-module-DSLC_Text_Simple dslc-in-viewport-check dslc-in-viewport-anim-none  dslc-col dslc-12-col dslc-last-col  dslc-module-handle-like-regular \" data-module-id=\"49345a8b47d\" data-module=\"DSLC_Text_Simple\" data-dslc-module-size=\"12\" data-dslc-anim=\"none\" data-dslc-anim-delay=\"\" data-dslc-anim-duration=\"650\"  data-dslc-anim-easing=\"ease\" data-dslc-preset=\"none\" >\r\n\r\n\t\t\t\r\n\t\t\t\r\n\t\t\r\n\t\t<div class=\"dslc-text-module-content\">\r\n\t\t\t<h4>SOLAR SPLASH USA\u00a0\u00a0<\/h4><p>Jednym z naszych g\u0142\u00f3wnych cel\u00f3w na nadchodz\u0105cy rok jest udzia\u0142 w zawodach Solar Splash, odbywaj\u0105cych si\u0119 corocznie w czerwcu, na terenie Springfield. W 2023 ju\u017c po raz kolejny okolice Springfield odwiedz\u0105 grupy studenckie z ca\u0142ych Stan\u00f3w Zjednoczonych, w\u015br\u00f3d kt\u00f3rych my b\u0119dziemy <strong>jedyn\u0105 dru\u017cyn\u0105<\/strong> spoza Ameryki!<\/p><p>Sprawdzimy nasze si\u0142y podczas konkurencji oceniaj\u0105cych szybko\u015b\u0107, zwrotno\u015b\u0107, a tak\u017ce efektywno\u015b\u0107 energetyczn\u0105:<\/p><p>Slalom \u2013 zadaniem jest pokonanie 300 metrowego slalomu w jak najkr\u00f3tszym czasie.<\/p><p>Fleet \u2013 wy\u015bcig ze startu wsp\u00f3lnego, na trasie o d\u0142ugo\u015bci 3 mil, sprawdzaj\u0105cy efektywno\u015b\u0107 wykorzystanych rozwi\u0105za\u0144.<\/p><p>One-to-one sprint \u2013 test pr\u0119dko\u015bci, polegaj\u0105cy na wy\u015bcigu dw\u00f3ch \u0142odzi na dystansie 200 m.<\/p><p>Wi\u0119cej informacji o zawodach pod adresem: <a href=\"https:\/\/solarsplash.com\/\"><strong>solarsplash.com<\/strong><\/a><\/p><h4><img class=\"\" src=\"https:\/\/pbs.twimg.com\/profile_images\/578648010294333440\/xjlL2Xq__400x400.png\" alt=\"Solar Splash (@SolarSplash) \/ Twitter\" width=\"254\" height=\"254\"><\/h4>\t\t<\/div>\r\n\r\n\t\t\r\n\t\t\t\t<\/div><!-- .dslc-module -->\r\n\t\t\r\n\t\t<div id=\"dslc-module-85397cc107e\" class=\"dslc-module-front dslc-module-DSLC_Separator dslc-in-viewport-check dslc-in-viewport-anim-none  dslc-col dslc-12-col dslc-last-col  dslc-module-handle-like-regular \" data-module-id=\"85397cc107e\" data-module=\"DSLC_Separator\" data-dslc-module-size=\"12\" data-dslc-anim=\"none\" data-dslc-anim-delay=\"\" data-dslc-anim-duration=\"650\"  data-dslc-anim-easing=\"ease\" data-dslc-preset=\"none\" >\r\n\r\n\t\t\t\r\n\t\t\t\r\n\t\t\t\t\t<div class=\"dslc-separator-wrapper\">\r\n\t\t\t\t<div class=\"dslc-separator dslc-separator-style-solid\">\r\n\t\t\t\t\t\t\t\t\t<\/div>\r\n\t\t\t\t<div><\/div>\r\n\t\t\t<\/div><!-- .dslc-separator-wrapper -->\r\n\t\t\t\r\n\t\t\t\t<\/div><!-- .dslc-module -->\r\n\t\t<\/div><\/div><\/div>\r\n\t\t<div  class=\"dslc-modules-section \" style=\"padding-bottom:0px;padding-top:0px;\" data-section-id=\"dlhqkris6ec\">\r\n\t\t\t\t\r\n\t\t\t\t\r\n\t\t\t\t<div class=\"dslc-modules-section-wrapper dslc-clearfix\"><div class=\"dslc-modules-area dslc-col dslc-12-col dslc-last-col dslc-valign- \" data-size=\"12\" data-valign=\"\">\r\n\t\t<div id=\"dslc-module-eqsm630ddgk\" class=\"dslc-module-front dslc-module-DSLC_Text_Simple dslc-in-viewport-check dslc-in-viewport-anim-none  dslc-col dslc-12-col dslc-last-col  dslc-module-handle-like-regular \" data-module-id=\"eqsm630ddgk\" data-module=\"DSLC_Text_Simple\" data-dslc-module-size=\"12\" data-dslc-anim=\"none\" data-dslc-anim-delay=\"\" data-dslc-anim-duration=\"650\"  data-dslc-anim-easing=\"ease\" data-dslc-preset=\"none\" >\r\n\r\n\t\t\t\r\n\t\t\t\r\n\t\t\r\n\t\t<div class=\"dslc-text-module-content\">\r\n\t\t\t<h4>SOLAR SPORT ONE HOLANDIA<\/h4><p>Nast\u0119pnym naszym celem s\u0105 zawody w Holandii. Na nich wyst\u0105pimy ju\u017c <strong>drugi<\/strong> raz, mierz\u0105c si\u0119 z dru\u017cynami z ca\u0142ego \u015bwiata. Konkurencje odb\u0119d\u0105 si\u0119 w miejscowo\u015bci <strong>Enkhuizen<\/strong>.<\/p><p>Mieli\u015bmy przyjemno\u015b\u0107 ju\u017c zaprezentowa\u0107 si\u0119 na tych zawodach w <strong>2021<\/strong> roku. Chcieliby\u015bmy ponownie spr\u00f3bowa\u0107 swoich si\u0142 i sprawdzi\u0107 jak wiele uda\u0142o nam si\u0119 przez te 2 lata zmieni\u0107.<\/p><p>Wi\u0119cej informacji na zawodach na stronie: <strong><a href=\"https:\/\/solarsportone.org\/\">solarsportone.org<\/a><\/strong><\/p><p><img class=\"aligncenter\" src=\"https:\/\/solarsportone.org\/2018\/wp-content\/uploads\/2022\/06\/Solar_Sport_One_Logo_Final-1024x724.png\" alt=\"Solar Sport One | Innovation of today is energy for tomorrow\" width=\"365\" height=\"258\"><\/p>\t\t<\/div>\r\n\r\n\t\t\r\n\t\t\t\t<\/div><!-- .dslc-module -->\r\n\t\t<\/div><\/div><\/div><\/div><\/div>","protected":false},"excerpt":{"rendered":"<p>ZAWODY SOLAR SPLASH USA\u00a0\u00a0Jednym z naszych g\u0142\u00f3wnych cel\u00f3w na nadchodz\u0105cy rok jest udzia\u0142 w zawodach Solar Splash, odbywaj\u0105cych si\u0119 corocznie w czerwcu, na terenie Springfield. W 2023 ju\u017c po raz&nbsp;[&hellip;]<\/p>\n","protected":false},"author":2,"featured_media":0,"parent":1102,"menu_order":0,"comment_status":"closed","ping_status":"closed","template":"page-templates\/page_builder.php","meta":[],"_links":{"self":[{"href":"https:\/\/solarboat.pwr.edu.pl\/index.php\/wp-json\/wp\/v2\/pages\/881"}],"collection":[{"href":"https:\/\/solarboat.pwr.edu.pl\/index.php\/wp-json\/wp\/v2\/pages"}],"about":[{"href":"https:\/\/solarboat.pwr.edu.pl\/index.php\/wp-json\/wp\/v2\/types\/page"}],"author":[{"embeddable":true,"href":"https:\/\/solarboat.pwr.edu.pl\/index.php\/wp-json\/wp\/v2\/users\/2"}],"replies":[{"embeddable":true,"href":"https:\/\/solarboat.pwr.edu.pl\/index.php\/wp-json\/wp\/v2\/comments?post=881"}],"version-history":[{"count":1,"href":"https:\/\/solarboat.pwr.edu.pl\/index.php\/wp-json\/wp\/v2\/pages\/881\/revisions"}],"predecessor-version":[{"id":1265,"href":"https:\/\/solarboat.pwr.edu.pl\/index.php\/wp-json\/wp\/v2\/pages\/881\/revisions\/1265"}],"up":[{"embeddable":true,"href":"https:\/\/solarboat.pwr.edu.pl\/index.php\/wp-json\/wp\/v2\/pages\/1102"}],"wp:attachment":[{"href":"https:\/\/solarboat.pwr.edu.pl\/index.php\/wp-json\/wp\/v2\/media?parent=881"}],"curies":[{"name":"wp","href":"https:\/\/api.w.org\/{rel}","templated":true}]}}