{"id":1277,"date":"2020-11-11T00:29:22","date_gmt":"2020-11-10T23:29:22","guid":{"rendered":"http:\/\/solarboat.pwr.edu.pl\/?page_id=1277"},"modified":"2023-03-07T20:05:00","modified_gmt":"2023-03-07T19:05:00","slug":"o-nas","status":"publish","type":"page","link":"https:\/\/solarboat.pwr.edu.pl\/index.php\/glowna-a\/o-nas\/","title":{"rendered":"Za\u0142o\u017cyciele"},"content":{"rendered":"<div id=\"dslc-content\" class=\"dslc-content dslc-clearfix\"><div id=\"dslc-main\">\r\n\t\t<div  class=\"dslc-modules-section \" style=\"background-image:url(https:\/\/solarboat.pwr.edu.pl\/wp-content\/uploads\/2020\/06\/IMG_0821-2-e1678619287740.jpg);background-position:center center;background-attachment:fixed;background-size:cover;\" data-section-id=\"b32d5a161c7\">\r\n\t\t\t\t<div class=\"dslc-bg-video dslc-force-show\"><div class=\"dslc-bg-video-overlay\" style=\"background-color:#ffffff; opacity:0.23; \"><\/div><\/div>\r\n\t\t\t\t\r\n\t\t\t\t<div class=\"dslc-modules-section-wrapper dslc-clearfix\"><div class=\"dslc-modules-area dslc-col dslc-12-col dslc-last-col dslc-valign- \" data-size=\"12\" data-valign=\"\">\r\n\t\t<div id=\"dslc-module-e3andeg91g8\" class=\"dslc-module-front dslc-module-DSLC_Text_Simple dslc-in-viewport-check dslc-in-viewport-anim-none  dslc-col dslc-12-col dslc-last-col  dslc-module-handle-like-regular \" data-module-id=\"e3andeg91g8\" data-module=\"DSLC_Text_Simple\" data-dslc-module-size=\"12\" data-dslc-anim=\"none\" data-dslc-anim-delay=\"\" data-dslc-anim-duration=\"650\"  data-dslc-anim-easing=\"ease\" data-dslc-preset=\"dobre\" >\r\n\r\n\t\t\t\r\n\t\t\t\r\n\t\t\r\n\t\t<div class=\"dslc-text-module-content\">\r\n\t\t\t<h2>O NAS<\/h2>\t\t<\/div>\r\n\r\n\t\t\r\n\t\t\t\t<\/div><!-- .dslc-module -->\r\n\t\t<\/div><\/div><\/div>\r\n\t\t<div  class=\"dslc-modules-section \" style=\"background-repeat:no-repeat;background-position:left bottom;\" data-section-id=\"2491c108507\">\r\n\t\t\t\t\r\n\t\t\t\t\r\n\t\t\t\t<div class=\"dslc-modules-section-wrapper dslc-clearfix\"><div class=\"dslc-modules-area dslc-col dslc-12-col dslc-last-col dslc-valign- \" data-size=\"12\" data-valign=\"\">\r\n\t\t<div id=\"dslc-module-13ad2b7b6f8\" class=\"dslc-module-front dslc-module-DSLC_Text_Simple dslc-in-viewport-check dslc-in-viewport-anim-none  dslc-col dslc-12-col dslc-last-col  dslc-module-handle-like-regular \" data-module-id=\"13ad2b7b6f8\" data-module=\"DSLC_Text_Simple\" data-dslc-module-size=\"12\" data-dslc-anim=\"none\" data-dslc-anim-delay=\"\" data-dslc-anim-duration=\"650\"  data-dslc-anim-easing=\"ease\" data-dslc-preset=\"none\" >\r\n\r\n\t\t\t\r\n\t\t\t\r\n\t\t\r\n\t\t<div class=\"dslc-text-module-content\">\r\n\t\t\t<p>Powstali\u015bmy w marcu 2018r. jako inicjatywa cz\u0142onk\u00f3w dw\u00f3ch k\u00f3\u0142 naukowych dzia\u0142aj\u0105cych przy Wydziale Mechaniczno-Energetycznym Politechniki Wroc\u0142awskiej - Flow i P\u0142omie\u0144. Jeste\u015bmy studentami, dla kt\u00f3rych idea wzrostu \u015bwiadomo\u015bci ekologicznej wraz z pasj\u0105 do nowych technologii sta\u0142a si\u0119 dla nas motorem do stworzenia od podstaw motor\u00f3wki na energi\u0119 s\u0142oneczn\u0105.<\/p><p>Naszym celem jest projektowanie i konstruowanie wy\u015bcigowych \u0142odzi zasilanych za pomoc\u0105 paneli fotowoltaicznych, kt\u00f3re b\u0119d\u0105 nie tylko wydajne i szybkie, ale r\u00f3wnie\u017c bezpieczne i przyci\u0105gaj\u0105ce wzrok swoj\u0105 konstrukcj\u0105. Intensywnie pracujemy nad kolejnymi rozwi\u0105zaniami, kt\u00f3re umo\u017cliwi\u0105 nam uzyskanie wysokich not w mi\u0119dzynarodowych konkursach w Holandii, a nast\u0119pnie w Stanach Zjednoczonych.<\/p><p><strong>Widzimy si\u0119 na zawodach!<\/strong><\/p>\t\t<\/div>\r\n\r\n\t\t\r\n\t\t\t\t<\/div><!-- .dslc-module -->\r\n\t\t<\/div><\/div><\/div>\r\n\t\t<div  class=\"dslc-modules-section \" style=\"background-image:url(https:\/\/solarboat.pwr.edu.pl\/wp-content\/uploads\/2018\/05\/grupowe_gradientm.jpg);background-position:center center;background-attachment:fixed;background-size:cover;\" data-section-id=\"b32d5a161c7\">\r\n\t\t\t\t\r\n\t\t\t\t\r\n\t\t\t\t<div class=\"dslc-modules-section-wrapper dslc-clearfix\"><div class=\"dslc-modules-area dslc-col dslc-12-col dslc-last-col dslc-valign- \" data-size=\"12\" data-valign=\"\">\r\n\t\t<div id=\"dslc-module-7ba836cb077\" class=\"dslc-module-front dslc-module-DSLC_Text_Simple dslc-in-viewport-check dslc-in-viewport-anim-none  dslc-col dslc-12-col dslc-last-col  dslc-module-handle-like-regular \" data-module-id=\"7ba836cb077\" data-module=\"DSLC_Text_Simple\" data-dslc-module-size=\"12\" data-dslc-anim=\"none\" data-dslc-anim-delay=\"\" data-dslc-anim-duration=\"650\"  data-dslc-anim-easing=\"ease\" data-dslc-preset=\"none\" >\r\n\r\n\t\t\t\r\n\t\t\t\r\n\t\t\r\n\t\t<div class=\"dslc-text-module-content\">\r\n\t\t\t<h2>ZA\u0141O\u017bYCIELE<\/h2>\t\t<\/div>\r\n\r\n\t\t\r\n\t\t\t\t<\/div><!-- .dslc-module -->\r\n\t\t<\/div><\/div><\/div>\r\n\t\t<div  class=\"dslc-modules-section \" style=\"padding-bottom:28px;padding-top:28px;\" data-section-id=\"9962c1f135e\">\r\n\t\t\t\t\r\n\t\t\t\t\r\n\t\t\t\t<div class=\"dslc-modules-section-wrapper dslc-clearfix\"><div class=\"dslc-modules-area dslc-col dslc-12-col dslc-last-col dslc-valign- \" data-size=\"12\" data-valign=\"\">\r\n\t\t<div id=\"dslc-module-ab3aab394f2\" class=\"dslc-module-front dslc-module-DSLC_Text_Simple dslc-in-viewport-check dslc-in-viewport-anim-none  dslc-col dslc-6-col  dslc-module-handle-like-regular \" data-module-id=\"ab3aab394f2\" data-module=\"DSLC_Text_Simple\" data-dslc-module-size=\"6\" data-dslc-anim=\"none\" data-dslc-anim-delay=\"\" data-dslc-anim-duration=\"650\"  data-dslc-anim-easing=\"ease\" data-dslc-preset=\"none\" >\r\n\r\n\t\t\t\r\n\t\t\t\r\n\t\t\r\n\t\t<div class=\"dslc-text-module-content\">\r\n\t\t\t<h4>WIKTORIA LADA<\/h4><p>By\u0142a Prezes KN Flow. Jak sama m\u00f3wi, niemo\u017cliwe nie istnieje. Studiowa\u0142a dwa kierunki, przewodzi\u0142a ko\u0142u naukowemu, by\u0142a cz\u0142onkiem samorz\u0105du studenckiego, bra\u0142a udzia\u0142 w projekcie PWr Emission Project, a potem dodatkowo zdecydowa\u0142a si\u0119 zosta\u0107 koordynatork\u0105 g\u0142\u00f3wn\u0105 PWr Solar Boat Team. I to wszystko naraz!<\/p><h4>MATEUSZ MACI\u0104\u017bKA<\/h4><p>By\u0142y Prezes SKN P\u0142omie\u0144. Jest m\u0142odym wizjonerem, kt\u00f3ry chce pracowa\u0107 (i pracuje) nad projektami realnie wp\u0142ywaj\u0105cymi na rozw\u00f3j technologiczny \u015bwiata. Prowadz\u0105c zaawansowane projekty naukowe, jednocze\u015bnie by\u0142 cz\u0142onkiem Rady Wydzia\u0142u Mechaniczno-Energetycznego oraz znajdowa\u0142 czas na swoje ulubione, niezwi\u0105zane z nauk\u0105 rzeczy.<\/p>\t\t<\/div>\r\n\r\n\t\t\r\n\t\t\t\t<\/div><!-- .dslc-module -->\r\n\t\t\r\n\t\t<div id=\"dslc-module-5091a539222\" class=\"dslc-module-front dslc-module-DSLC_Image dslc-in-viewport-check dslc-in-viewport-anim-none  dslc-col dslc-6-col dslc-last-col  dslc-module-handle-like-regular \" data-module-id=\"5091a539222\" data-module=\"DSLC_Image\" data-dslc-module-size=\"6\" data-dslc-anim=\"none\" data-dslc-anim-delay=\"\" data-dslc-anim-duration=\"650\"  data-dslc-anim-easing=\"ease\" data-dslc-preset=\"none\" >\r\n\r\n\t\t\t\r\n\t\t\t\r\n\t\t\t\t<div class=\"dslc-image-container\">\r\n\t\t<div class=\"dslc-image\">\r\n\r\n\t\t\t\r\n\t\t\t\t\r\n\t\t\t\t\t\t\t\t\t<img src=\"https:\/\/solarboat.pwr.edu.pl\/wp-content\/uploads\/2018\/05\/szefy-332x500.png\" alt=\"\" title=\"\" srcset=\"https:\/\/solarboat.pwr.edu.pl\/wp-content\/uploads\/2018\/05\/szefy.png 665w, https:\/\/solarboat.pwr.edu.pl\/wp-content\/uploads\/2018\/05\/szefy-200x300.png 200w, https:\/\/solarboat.pwr.edu.pl\/wp-content\/uploads\/2018\/05\/szefy-540x812.png 540w\" sizes=\"(max-width: 665px) 100vw, 665px\" \/>\r\n\t\t\t\t\r\n\t\t\t\t\t\t\t\t\t<\/div><!-- .dslc-image -->\r\n\t\t<\/div>\r\n\t\t\r\n\t\t\t\t<\/div><!-- .dslc-module -->\r\n\t\t\r\n\t\t<div id=\"dslc-module-b0330eadcda\" class=\"dslc-module-front dslc-module-DSLC_Separator dslc-in-viewport-check dslc-in-viewport-anim-none  dslc-col dslc-12-col dslc-last-col  dslc-module-handle-like-regular \" data-module-id=\"b0330eadcda\" data-module=\"DSLC_Separator\" data-dslc-module-size=\"12\" data-dslc-anim=\"none\" data-dslc-anim-delay=\"\" data-dslc-anim-duration=\"650\"  data-dslc-anim-easing=\"ease\" data-dslc-preset=\"none\" >\r\n\r\n\t\t\t\r\n\t\t\t\r\n\t\t\t\t\t<div class=\"dslc-separator-wrapper\">\r\n\t\t\t\t<div class=\"dslc-separator dslc-separator-style-dashed\">\r\n\t\t\t\t\t\t\t\t\t<\/div>\r\n\t\t\t\t<div><\/div>\r\n\t\t\t<\/div><!-- .dslc-separator-wrapper -->\r\n\t\t\t\r\n\t\t\t\t<\/div><!-- .dslc-module -->\r\n\t\t<\/div><\/div><\/div><\/div><\/div>","protected":false},"excerpt":{"rendered":"<p>O NAS Powstali\u015bmy w marcu 2018r. jako inicjatywa cz\u0142onk\u00f3w dw\u00f3ch k\u00f3\u0142 naukowych dzia\u0142aj\u0105cych przy Wydziale Mechaniczno-Energetycznym Politechniki Wroc\u0142awskiej &#8211; Flow i P\u0142omie\u0144. Jeste\u015bmy studentami, dla kt\u00f3rych idea wzrostu \u015bwiadomo\u015bci ekologicznej&nbsp;[&hellip;]<\/p>\n","protected":false},"author":2,"featured_media":0,"parent":1102,"menu_order":0,"comment_status":"closed","ping_status":"closed","template":"page-templates\/page_builder.php","meta":[],"_links":{"self":[{"href":"https:\/\/solarboat.pwr.edu.pl\/index.php\/wp-json\/wp\/v2\/pages\/1277"}],"collection":[{"href":"https:\/\/solarboat.pwr.edu.pl\/index.php\/wp-json\/wp\/v2\/pages"}],"about":[{"href":"https:\/\/solarboat.pwr.edu.pl\/index.php\/wp-json\/wp\/v2\/types\/page"}],"author":[{"embeddable":true,"href":"https:\/\/solarboat.pwr.edu.pl\/index.php\/wp-json\/wp\/v2\/users\/2"}],"replies":[{"embeddable":true,"href":"https:\/\/solarboat.pwr.edu.pl\/index.php\/wp-json\/wp\/v2\/comments?post=1277"}],"version-history":[{"count":4,"href":"https:\/\/solarboat.pwr.edu.pl\/index.php\/wp-json\/wp\/v2\/pages\/1277\/revisions"}],"predecessor-version":[{"id":1352,"href":"https:\/\/solarboat.pwr.edu.pl\/index.php\/wp-json\/wp\/v2\/pages\/1277\/revisions\/1352"}],"up":[{"embeddable":true,"href":"https:\/\/solarboat.pwr.edu.pl\/index.php\/wp-json\/wp\/v2\/pages\/1102"}],"wp:attachment":[{"href":"https:\/\/solarboat.pwr.edu.pl\/index.php\/wp-json\/wp\/v2\/media?parent=1277"}],"curies":[{"name":"wp","href":"https:\/\/api.w.org\/{rel}","templated":true}]}}