{"id":1263,"date":"2020-11-10T23:08:08","date_gmt":"2020-11-10T22:08:08","guid":{"rendered":"http:\/\/solarboat.pwr.edu.pl\/?page_id=1263"},"modified":"2020-11-11T01:49:42","modified_gmt":"2020-11-11T00:49:42","slug":"rekrutacja","status":"publish","type":"page","link":"https:\/\/solarboat.pwr.edu.pl\/index.php\/glowna-a\/rekrutacja\/","title":{"rendered":"Rekrutacja"},"content":{"rendered":"<div id=\"dslc-content\" class=\"dslc-content dslc-clearfix\"><div id=\"dslc-main\">\r\n\t\t<div  class=\"dslc-modules-section  dslc-init-parallax \" style=\"padding-bottom:95px;padding-top:95px;background-image:url(https:\/\/solarboat.pwr.edu.pl\/wp-content\/uploads\/2023\/03\/IMG_0314-scaled-e1678619141867.jpg);background-position:center center;background-attachment:parallax;background-size:cover;\" data-section-id=\"d8ef9dce642\">\r\n\t\t\t\t<div class=\"dslc-bg-video dslc-force-show\"><div class=\"dslc-bg-video-overlay\" style=\"background-color:#ffffffFF; opacity:0.45; \"><\/div><\/div>\r\n\t\t\t\t\r\n\t\t\t\t<div class=\"dslc-modules-section-wrapper dslc-clearfix\"><div class=\"dslc-modules-area dslc-col dslc-12-col dslc-last-col dslc-valign- \" data-size=\"12\" data-valign=\"\">\r\n\t\t<div id=\"dslc-module-00ee487f2a2\" class=\"dslc-module-front dslc-module-DSLC_Text_Simple dslc-in-viewport-check dslc-in-viewport-anim-none  dslc-col dslc-12-col dslc-last-col  dslc-module-handle-like-regular \" data-module-id=\"00ee487f2a2\" data-module=\"DSLC_Text_Simple\" data-dslc-module-size=\"12\" data-dslc-anim=\"none\" data-dslc-anim-delay=\"\" data-dslc-anim-duration=\"650\"  data-dslc-anim-easing=\"ease\" data-dslc-preset=\"none\" >\r\n\r\n\t\t\t\r\n\t\t\t\r\n\t\t\r\n\t\t<div class=\"dslc-text-module-content\">\r\n\t\t\t<h2>REKRUTACJA<\/h2>\t\t<\/div>\r\n\r\n\t\t\r\n\t\t\t\t<\/div><!-- .dslc-module -->\r\n\t\t<\/div><\/div><\/div>\r\n\t\t<div  class=\"dslc-modules-section \" style=\"padding-bottom:0px;padding-top:0px;\" data-section-id=\"f4a833fee42\">\r\n\t\t\t\t\r\n\t\t\t\t\r\n\t\t\t\t<div class=\"dslc-modules-section-wrapper dslc-clearfix\"><div class=\"dslc-modules-area dslc-col dslc-12-col dslc-last-col dslc-valign- \" data-size=\"12\" data-valign=\"\">\r\n\t\t<div id=\"dslc-module-8d357b3e0e6\" class=\"dslc-module-front dslc-module-DSLC_Separator dslc-in-viewport-check dslc-in-viewport-anim-none  dslc-col dslc-12-col dslc-last-col  dslc-module-handle-like-regular \" data-module-id=\"8d357b3e0e6\" data-module=\"DSLC_Separator\" data-dslc-module-size=\"12\" data-dslc-anim=\"none\" data-dslc-anim-delay=\"0\" data-dslc-anim-duration=\"650\"  data-dslc-anim-easing=\"ease\" data-dslc-preset=\"none\" >\r\n\r\n\t\t\t\r\n\t\t\t\r\n\t\t\t\t\t<div class=\"dslc-separator-wrapper\">\r\n\t\t\t\t<div class=\"dslc-separator dslc-separator-style-invisible\">\r\n\t\t\t\t\t\t\t\t\t<\/div>\r\n\t\t\t\t<div><\/div>\r\n\t\t\t<\/div><!-- .dslc-separator-wrapper -->\r\n\t\t\t\r\n\t\t\t\t<\/div><!-- .dslc-module -->\r\n\t\t\r\n\t\t<div id=\"dslc-module-56cf05f8f49\" class=\"dslc-module-front dslc-module-DSLC_Text_Simple dslc-in-viewport-check dslc-in-viewport-anim-none  dslc-col dslc-12-col dslc-last-col  dslc-module-handle-like-regular \" data-module-id=\"56cf05f8f49\" data-module=\"DSLC_Text_Simple\" data-dslc-module-size=\"12\" data-dslc-anim=\"none\" data-dslc-anim-delay=\"\" data-dslc-anim-duration=\"650\"  data-dslc-anim-easing=\"ease\" data-dslc-preset=\"none\" >\r\n\r\n\t\t\t\r\n\t\t\t\r\n\t\t\r\n\t\t<div class=\"dslc-text-module-content\">\r\n\t\t\t<h4>DO\u0141\u0104CZ DO NAS<\/h4>\t\t<\/div>\r\n\r\n\t\t\r\n\t\t\t\t<\/div><!-- .dslc-module -->\r\n\t\t\r\n\t\t<div id=\"dslc-module-5fd9a74fa31\" class=\"dslc-module-front dslc-module-DSLC_Text_Simple dslc-in-viewport-check dslc-in-viewport-anim-none  dslc-col dslc-12-col dslc-last-col  dslc-module-handle-like-regular \" data-module-id=\"5fd9a74fa31\" data-module=\"DSLC_Text_Simple\" data-dslc-module-size=\"12\" data-dslc-anim=\"none\" data-dslc-anim-delay=\"\" data-dslc-anim-duration=\"650\"  data-dslc-anim-easing=\"ease\" data-dslc-preset=\"none\" >\r\n\r\n\t\t\t\r\n\t\t\t\r\n\t\t\r\n\t\t<div class=\"dslc-text-module-content\">\r\n\t\t\t<p style=\"color: #595959;\">Opr\u00f3cz innowacyjnych rozwi\u0105za\u0144 technicznych, szczycimy si\u0119 r\u00f3wnie\u017c nowoczesnym podej\u015bciem w zakresie human resources. Jednym z efekt\u00f3w naszej wizji w tej dziedzinie jest <strong>rekrutacja trwa\u0142a<\/strong>.<\/p><p style=\"color: #595959;\">Ka\u017cda osoba pragn\u0105ca do nas do\u0142\u0105czy\u0107, mo\u017ce tego dokona\u0107 <strong>w dowolnym czasie<\/strong>. W celu zg\u0142oszenia si\u0119 do nas nale\u017cy wype\u0142ni\u0107 formularz dost\u0119pny poni\u017cej, kt\u00f3ry jest na sta\u0142e otwarty.<\/p>\t\t<\/div>\r\n\r\n\t\t\r\n\t\t\t\t<\/div><!-- .dslc-module -->\r\n\t\t\r\n\t\t<div id=\"dslc-module-2cdcfcb7580\" class=\"dslc-module-front dslc-module-DSLC_Logo dslc-in-viewport-check dslc-in-viewport-anim-none  dslc-col dslc-12-col dslc-last-col  dslc-module-handle-like-regular \" data-module-id=\"2cdcfcb7580\" data-module=\"DSLC_Logo\" data-dslc-module-size=\"12\" data-dslc-anim=\"none\" data-dslc-anim-delay=\"\" data-dslc-anim-duration=\"650\"  data-dslc-anim-easing=\"ease\" data-dslc-preset=\"none\" >\r\n\r\n\t\t\t\r\n\t\t\t\r\n\t\t\r\n\t\t<div class=\"dslc-logo\">\r\n\r\n\t\t\t\r\n\t\t\t\t\t\t\t\t\t\t\t\t\t<a href=\"\/\" target=\"_self\">\r\n\t\t\t\t\t\t\t\t\t<img src=\"https:\/\/solarboat.pwr.edu.pl\/wp-content\/uploads\/2018\/05\/cropped-LOGO_PWr_SBT.png\" alt=\"\" title=\"\" srcset=\"https:\/\/solarboat.pwr.edu.pl\/wp-content\/uploads\/2018\/05\/cropped-LOGO_PWr_SBT.png 400w, https:\/\/solarboat.pwr.edu.pl\/wp-content\/uploads\/2018\/05\/cropped-LOGO_PWr_SBT-300x209.png 300w\" sizes=\"(max-width: 400px) 100vw, 400px\" \/>\r\n\t\t\t\t\t\t\t\t\t<\/a>\r\n\t\t\t\t\r\n\t\t\t\r\n\t\t<\/div>\r\n\r\n\t\t\r\n\t\t\t\t<\/div><!-- .dslc-module -->\r\n\t\t\r\n\t\t<div id=\"dslc-module-7b202265b06\" class=\"dslc-module-front dslc-module-DSLC_Separator dslc-in-viewport-check dslc-in-viewport-anim-none  dslc-col dslc-12-col dslc-last-col  dslc-module-handle-like-regular \" data-module-id=\"7b202265b06\" data-module=\"DSLC_Separator\" data-dslc-module-size=\"12\" data-dslc-anim=\"none\" data-dslc-anim-delay=\"0\" data-dslc-anim-duration=\"650\"  data-dslc-anim-easing=\"ease\" data-dslc-preset=\"none\" >\r\n\r\n\t\t\t\r\n\t\t\t\r\n\t\t\t\t\t<div class=\"dslc-separator-wrapper\">\r\n\t\t\t\t<div class=\"dslc-separator dslc-separator-style-invisible\">\r\n\t\t\t\t\t\t\t\t\t<\/div>\r\n\t\t\t\t<div><\/div>\r\n\t\t\t<\/div><!-- .dslc-separator-wrapper -->\r\n\t\t\t\r\n\t\t\t\t<\/div><!-- .dslc-module -->\r\n\t\t\r\n\t\t<div id=\"dslc-module-5cf4ce062c1\" class=\"dslc-module-front dslc-module-DSLC_Button dslc-in-viewport-check dslc-in-viewport-anim-none  dslc-col dslc-12-col dslc-last-col  dslc-module-handle-like-regular \" data-module-id=\"5cf4ce062c1\" data-module=\"DSLC_Button\" data-dslc-module-size=\"12\" data-dslc-anim=\"none\" data-dslc-anim-delay=\"\" data-dslc-anim-duration=\"650\"  data-dslc-anim-easing=\"ease\" data-dslc-preset=\"none\" >\r\n\r\n\t\t\t\r\n\t\t\t\r\n\t\t\r\n\t\t\t<div class=\"dslc-button\">\r\n\t\t\t\t\t\t\t\t\t<a href=\"https:\/\/forms.gle\/W7P1UxFCN1H2KhKu9\" target=\"_blank\"  onClick=\"\" class=\"\">\r\n\t\t\t\t\t\t\t\t\t\t\t\t\t\t\t\t\t\t\t\t\t<span class=\"dslc-icon dslc-icon-anchor\"><\/span>\t\r\n\t\t\t\t\t\t\t\t\t\t\t\t\t\t\t\t\t\t\t\t\t\t\t\t\t\t<span>LINK DO FORMULARZA<\/span>\r\n\t\t\t\t\t\t\t\t\t\t\t\t\t\t\t\t\t<\/a>\r\n\t\t\t\t\t\t\t<\/div><!-- .dslc-button -->\r\n\r\n\r\n\t\t\t\t\t\t\r\n\t\t\t\t<\/div><!-- .dslc-module -->\r\n\t\t\r\n\t\t<div id=\"dslc-module-8b5mpr2ru5g\" class=\"dslc-module-front dslc-module-DSLC_Separator dslc-in-viewport-check dslc-in-viewport-anim-none  dslc-col dslc-12-col dslc-last-col  dslc-module-handle-like-regular \" data-module-id=\"8b5mpr2ru5g\" data-module=\"DSLC_Separator\" data-dslc-module-size=\"12\" data-dslc-anim=\"none\" data-dslc-anim-delay=\"0\" data-dslc-anim-duration=\"650\"  data-dslc-anim-easing=\"ease\" data-dslc-preset=\"none\" >\r\n\r\n\t\t\t\r\n\t\t\t\r\n\t\t\t\t\t<div class=\"dslc-separator-wrapper\">\r\n\t\t\t\t<div class=\"dslc-separator dslc-separator-style-invisible\">\r\n\t\t\t\t\t\t\t\t\t<\/div>\r\n\t\t\t\t<div><\/div>\r\n\t\t\t<\/div><!-- .dslc-separator-wrapper -->\r\n\t\t\t\r\n\t\t\t\t<\/div><!-- .dslc-module -->\r\n\t\t\r\n\t\t<div id=\"dslc-module-8k8r7sqiobo\" class=\"dslc-module-front dslc-module-DSLC_Text_Simple dslc-in-viewport-check dslc-in-viewport-anim-none  dslc-col dslc-12-col dslc-last-col  dslc-module-handle-like-regular \" data-module-id=\"8k8r7sqiobo\" data-module=\"DSLC_Text_Simple\" data-dslc-module-size=\"12\" data-dslc-anim=\"none\" data-dslc-anim-delay=\"\" data-dslc-anim-duration=\"650\"  data-dslc-anim-easing=\"ease\" data-dslc-preset=\"none\" >\r\n\r\n\t\t\t\r\n\t\t\t\r\n\t\t\r\n\t\t<div class=\"dslc-text-module-content\">\r\n\t\t\t<p>Po wi\u0119cej informacji na temat naszych sekcji i os\u00f3b poszukiwanych w ramach rekrutacji zapraszamy na nasze media spo\u0142eczno\u015bciowe. Tam udost\u0119pniamy bie\u017c\u0105ce informacje zwi\u0105zane z nasz\u0105 dzia\u0142alno\u015bci\u0105.<\/p>\t\t<\/div>\r\n\r\n\t\t\r\n\t\t\t\t<\/div><!-- .dslc-module -->\r\n\t\t\r\n\t\t<div id=\"dslc-module-1756d816571\" class=\"dslc-module-front dslc-module-DSLC_Social dslc-in-viewport-check dslc-in-viewport-anim-none  dslc-col dslc-12-col dslc-last-col  dslc-module-handle-like-regular \" data-module-id=\"1756d816571\" data-module=\"DSLC_Social\" data-dslc-module-size=\"12\" data-dslc-anim=\"none\" data-dslc-anim-delay=\"\" data-dslc-anim-duration=\"650\"  data-dslc-anim-easing=\"ease\" data-dslc-preset=\"none\" >\r\n\r\n\t\t\t\r\n\t\t\t\r\n\t\t\t\t\t<div class=\"dslc-social-wrap\">\r\n\r\n\t\t\t\t<ul class=\"dslc-social\">\r\n\t\t\t\t\t\t\t\t\t\t\t<li>\r\n\t\t\t\t\t\t\t\t<a class=\"dslc-social-icon\" target=\"_blank\" href=\"https:\/\/www.facebook.com\/PWrSolarBoatTeam\/\" ><span class=\"dslc-icon dslc-icon-facebook\"><\/span><\/a>\r\n\t\t\t\t\t\t\t\t\t\t\t\t\t\t\t<\/li>\r\n\t\t\t\t\t\t\t\t\t\t\t\t\t\t<li>\r\n\t\t\t\t\t\t\t\t<a class=\"dslc-social-icon\" target=\"_blank\" href=\"https:\/\/www.instagram.com\/pwrsolarboatteam\/?hl=pl\" ><span class=\"dslc-icon dslc-icon-instagram\"><\/span><\/a>\r\n\t\t\t\t\t\t\t\t\t\t\t\t\t\t\t<\/li>\r\n\t\t\t\t\t\t\t\t\t\t\t<\/ul>\r\n\r\n\t\t\t<\/div><!-- .dslc-social-wrap -->\r\n\r\n\t\t\t\r\n\t\t\t\t<\/div><!-- .dslc-module -->\r\n\t\t\r\n\t\t<div id=\"dslc-module-9oecv27v35o\" class=\"dslc-module-front dslc-module-DSLC_Separator dslc-in-viewport-check dslc-in-viewport-anim-none  dslc-col dslc-12-col dslc-last-col  dslc-module-handle-like-regular \" data-module-id=\"9oecv27v35o\" data-module=\"DSLC_Separator\" data-dslc-module-size=\"12\" data-dslc-anim=\"none\" data-dslc-anim-delay=\"0\" data-dslc-anim-duration=\"650\"  data-dslc-anim-easing=\"ease\" data-dslc-preset=\"none\" >\r\n\r\n\t\t\t\r\n\t\t\t\r\n\t\t\t\t\t<div class=\"dslc-separator-wrapper\">\r\n\t\t\t\t<div class=\"dslc-separator dslc-separator-style-invisible\">\r\n\t\t\t\t\t\t\t\t\t<\/div>\r\n\t\t\t\t<div><\/div>\r\n\t\t\t<\/div><!-- .dslc-separator-wrapper -->\r\n\t\t\t\r\n\t\t\t\t<\/div><!-- .dslc-module -->\r\n\t\t\r\n\t\t<div id=\"dslc-module-ut6ligj36ag\" class=\"dslc-module-front dslc-module-DSLC_Text_Simple dslc-in-viewport-check dslc-in-viewport-anim-none  dslc-col dslc-12-col dslc-last-col  dslc-module-handle-like-regular \" data-module-id=\"ut6ligj36ag\" data-module=\"DSLC_Text_Simple\" data-dslc-module-size=\"12\" data-dslc-anim=\"none\" data-dslc-anim-delay=\"\" data-dslc-anim-duration=\"650\"  data-dslc-anim-easing=\"ease\" data-dslc-preset=\"none\" >\r\n\r\n\t\t\t\r\n\t\t\t\r\n\t\t\r\n\t\t<div class=\"dslc-text-module-content\">\r\n\t\t\t<div class=\"_4u-c _1wfr _9hq\"><div class=\"_5f0v uiScrollableArea fade contentBefore contentAfter\" tabindex=\"0\"><div id=\"js_8mp\" class=\"uiScrollableAreaWrap scrollable\"><div class=\"uiScrollableAreaBody\"><div class=\"uiScrollableAreaContent\"><div class=\"__i_ _7i2k\" role=\"region\" aria-label=\"Wiadomo\u015bci\"><div id=\"js_1\"><div><div class=\"_1t_p clearfix\"><div class=\"_41ud\"><div class=\"clearfix _o46 _3erg _3i_m _nd_ _8lma direction_ltr text_align_ltr _ylc\"><div id=\"js_8mt\" class=\"_3058 _ui9 _hh7 _6ybn _s1- _52mr _43by _6ybp _3oh-\" data-tooltip-content=\"18:54\" data-hover=\"tooltip\" data-tooltip-position=\"right\" aria-describedby=\"js_6d\"><div class=\"_aok _7i2m\" tabindex=\"0\"><span class=\"_3oh- _58nk\">Informacje dotycz\u0105ce tego na jakie osoby czekamy b\u0119d\u0105 pojawia\u0107 si\u0119 w trakcie ka\u017cdej kampani.<br>System zg\u0142osze\u0144 jest dostosowany do urz\u0105dze\u0144 mobilnych. Do wybranych os\u00f3b odezwiemy si\u0119 drog\u0105 mailow\u0105.<\/span><\/div><\/div><\/div><\/div><\/div><\/div><\/div><\/div><\/div><\/div><\/div><\/div><\/div><div class=\"_4rv3 _7og6\" role=\"region\" aria-label=\"Nowa wiadomo\u015b\u0107\"><div class=\"_5irm _7mkm\"><div class=\"_7mkh\"><div class=\"_7mki\">\u00a0<\/div><\/div><div class=\"_7kpk\"><div class=\"_kmc _7kpg navigationFocus\" role=\"presentation\"><div class=\" _3oh-\"><div tabindex=\"-1\"><div class=\"_5rp7 _5rp8\"><div class=\"_1p1t\">\u00a0<\/div><\/div><\/div><\/div><\/div><\/div><\/div><\/div>\t\t<\/div>\r\n\r\n\t\t\r\n\t\t\t\t<\/div><!-- .dslc-module -->\r\n\t\t<\/div><\/div><\/div><\/div><\/div>","protected":false},"excerpt":{"rendered":"<p>REKRUTACJA DO\u0141\u0104CZ DO NAS Opr\u00f3cz innowacyjnych rozwi\u0105za\u0144 technicznych, szczycimy si\u0119 r\u00f3wnie\u017c nowoczesnym podej\u015bciem w zakresie human resources. Jednym z efekt\u00f3w naszej wizji w tej dziedzinie jest rekrutacja trwa\u0142a.Ka\u017cda osoba pragn\u0105ca&nbsp;[&hellip;]<\/p>\n","protected":false},"author":2,"featured_media":0,"parent":1102,"menu_order":0,"comment_status":"closed","ping_status":"closed","template":"page-templates\/page_builder.php","meta":[],"_links":{"self":[{"href":"https:\/\/solarboat.pwr.edu.pl\/index.php\/wp-json\/wp\/v2\/pages\/1263"}],"collection":[{"href":"https:\/\/solarboat.pwr.edu.pl\/index.php\/wp-json\/wp\/v2\/pages"}],"about":[{"href":"https:\/\/solarboat.pwr.edu.pl\/index.php\/wp-json\/wp\/v2\/types\/page"}],"author":[{"embeddable":true,"href":"https:\/\/solarboat.pwr.edu.pl\/index.php\/wp-json\/wp\/v2\/users\/2"}],"replies":[{"embeddable":true,"href":"https:\/\/solarboat.pwr.edu.pl\/index.php\/wp-json\/wp\/v2\/comments?post=1263"}],"version-history":[{"count":2,"href":"https:\/\/solarboat.pwr.edu.pl\/index.php\/wp-json\/wp\/v2\/pages\/1263\/revisions"}],"predecessor-version":[{"id":1284,"href":"https:\/\/solarboat.pwr.edu.pl\/index.php\/wp-json\/wp\/v2\/pages\/1263\/revisions\/1284"}],"up":[{"embeddable":true,"href":"https:\/\/solarboat.pwr.edu.pl\/index.php\/wp-json\/wp\/v2\/pages\/1102"}],"wp:attachment":[{"href":"https:\/\/solarboat.pwr.edu.pl\/index.php\/wp-json\/wp\/v2\/media?parent=1263"}],"curies":[{"name":"wp","href":"https:\/\/api.w.org\/{rel}","templated":true}]}}