{"id":1238,"date":"2020-11-05T11:18:13","date_gmt":"2020-11-05T10:18:13","guid":{"rendered":"http:\/\/solarboat.pwr.edu.pl\/?page_id=1238"},"modified":"2022-03-02T16:34:41","modified_gmt":"2022-03-02T15:34:41","slug":"zaloga","status":"publish","type":"page","link":"https:\/\/solarboat.pwr.edu.pl\/index.php\/glowna-a\/zaloga\/","title":{"rendered":"Za\u0142oga"},"content":{"rendered":"<div id=\"dslc-content\" class=\"dslc-content dslc-clearfix\"><div id=\"dslc-main\">\r\n\t\t<div  class=\"dslc-modules-section \" style=\"background-image:url();background-image:url(https:\/\/solarboat.pwr.edu.pl\/wp-content\/uploads\/2023\/03\/PWr_Solar_Boat_Team_3-scaled.jpg);background-position:center center;background-attachment:fixed;background-size:cover;border-color:#7b201d;border-right-style: hidden; border-left-style: hidden; \" data-section-id=\"a0fd1ba1d8e\">\r\n\t\t\t\t<div class=\"dslc-bg-video dslc-force-show\"><div class=\"dslc-bg-video-overlay\" style=\"background-color:#ffffff; opacity:0.23; \"><\/div><\/div>\r\n\t\t\t\t\r\n\t\t\t\t<div class=\"dslc-modules-section-wrapper dslc-clearfix\"><div class=\"dslc-modules-area dslc-col dslc-12-col dslc-last-col dslc-valign- \" data-size=\"12\" data-valign=\"\">\r\n\t\t<div id=\"dslc-module-16b38d8c98d\" class=\"dslc-module-front dslc-module-DSLC_Text_Simple dslc-in-viewport-check dslc-in-viewport-anim-none  dslc-col dslc-12-col dslc-last-col  dslc-module-handle-like-regular \" data-module-id=\"16b38d8c98d\" data-module=\"DSLC_Text_Simple\" data-dslc-module-size=\"12\" data-dslc-anim=\"none\" data-dslc-anim-delay=\"\" data-dslc-anim-duration=\"650\"  data-dslc-anim-easing=\"ease\" data-dslc-preset=\"dobre\" >\r\n\r\n\t\t\t\r\n\t\t\t\r\n\t\t\r\n\t\t<div class=\"dslc-text-module-content\">\r\n\t\t\t<h2>ZA\u0141OGA<\/h2>\t\t<\/div>\r\n\r\n\t\t\r\n\t\t\t\t<\/div><!-- .dslc-module -->\r\n\t\t<\/div><\/div><\/div>\r\n\t\t<div  class=\"dslc-modules-section \" style=\"padding-bottom:30px;padding-top:30px;\" data-section-id=\"qp6cb6a6h7o\">\r\n\t\t\t\t\r\n\t\t\t\t\r\n\t\t\t\t<div class=\"dslc-modules-section-wrapper dslc-clearfix\"><div class=\"dslc-modules-area dslc-col dslc-12-col dslc-last-col dslc-valign- \" data-size=\"12\" data-valign=\"\">\r\n\t\t<div id=\"dslc-module-0aa0b5d746d\" class=\"dslc-module-front dslc-module-DSLC_Notification dslc-in-viewport-check dslc-in-viewport-anim-none  dslc-col dslc-12-col dslc-last-col  dslc-module-handle-like-regular \" data-module-id=\"0aa0b5d746d\" data-module=\"DSLC_Notification\" data-dslc-module-size=\"12\" data-dslc-anim=\"none\" data-dslc-anim-delay=\"\" data-dslc-anim-duration=\"650\"  data-dslc-anim-easing=\"ease\" data-dslc-preset=\"none\" >\r\n\r\n\t\t\t\r\n\t\t\t\r\n\t\t\r\n\t\t\t<div class=\"dslc-notification-box \" data-notification-timeout=\"\">\r\n\t\t\t\t<div class=\"dslc-notification-box-content  dslca-editable-content\" data-id=\"content\" data-edit-id=\"0\">\r\n\t\t\t\t\t<p><strong>NASZE SEKCJE<\/strong><\/p>\t\t\t\t<\/div>\r\n\t\t\t\t\t\t\t\t<span class=\"dslc-notification-box-close\"><span class=\"dslc-icon dslc-icon-remove\"><\/span><\/span>\r\n\t\t\t<\/div><!-- .dslc-notification-box -->\r\n\r\n\t\t\t\r\n\t\t\t\t<\/div><!-- .dslc-module -->\r\n\t\t\r\n\t\t<div id=\"dslc-module-epa1c38m70o\" class=\"dslc-module-front dslc-module-Tora_Section_Title dslc-in-viewport-check dslc-in-viewport-anim-none  dslc-col dslc-4-col  dslc-module-handle-like-regular \" data-module-id=\"epa1c38m70o\" data-module=\"Tora_Section_Title\" data-dslc-module-size=\"4\" data-dslc-anim=\"none\" data-dslc-anim-delay=\"0\" data-dslc-anim-duration=\"650\"  data-dslc-anim-easing=\"default\" data-dslc-preset=\"none\" >\r\n\r\n\t\t\t\r\n\t\t\t\r\n\t\t                <div class=\"tora-title-module\">\r\n                    <h3 class=\"tora-section-title\">Dzia\u0142 R&amp;D<\/h3>\r\n                    <span class=\"top-left-deco\"><\/span><span class=\"top-right-deco\"><\/span>\r\n                    <span class=\"bottom-deco\"><\/span>\r\n                <\/div>\r\n                \r\n\t\t\t\t<\/div><!-- .dslc-module -->\r\n\t\t\r\n\t\t<div id=\"dslc-module-mbf15a700hg\" class=\"dslc-module-front dslc-module-Tora_Section_Title dslc-in-viewport-check dslc-in-viewport-anim-none  dslc-col dslc-4-col  dslc-module-handle-like-regular \" data-module-id=\"mbf15a700hg\" data-module=\"Tora_Section_Title\" data-dslc-module-size=\"4\" data-dslc-anim=\"none\" data-dslc-anim-delay=\"0\" data-dslc-anim-duration=\"650\"  data-dslc-anim-easing=\"default\" data-dslc-preset=\"none\" >\r\n\r\n\t\t\t\r\n\t\t\t\r\n\t\t                <div class=\"tora-title-module\">\r\n                    <h3 class=\"tora-section-title\">Dzia\u0142 PR<\/h3>\r\n                    <span class=\"top-left-deco\"><\/span><span class=\"top-right-deco\"><\/span>\r\n                    <span class=\"bottom-deco\"><\/span>\r\n                <\/div>\r\n                \r\n\t\t\t\t<\/div><!-- .dslc-module -->\r\n\t\t\r\n\t\t<div id=\"dslc-module-t150vbb9i7g\" class=\"dslc-module-front dslc-module-Tora_Section_Title dslc-in-viewport-check dslc-in-viewport-anim-none  dslc-col dslc-4-col dslc-last-col  dslc-module-handle-like-regular \" data-module-id=\"t150vbb9i7g\" data-module=\"Tora_Section_Title\" data-dslc-module-size=\"4\" data-dslc-anim=\"none\" data-dslc-anim-delay=\"0\" data-dslc-anim-duration=\"650\"  data-dslc-anim-easing=\"default\" data-dslc-preset=\"none\" >\r\n\r\n\t\t\t\r\n\t\t\t\r\n\t\t                <div class=\"tora-title-module\">\r\n                    <h3 class=\"tora-section-title\">Dzia\u0142 Konstrukcji<\/h3>\r\n                    <span class=\"top-left-deco\"><\/span><span class=\"top-right-deco\"><\/span>\r\n                    <span class=\"bottom-deco\"><\/span>\r\n                <\/div>\r\n                \r\n\t\t\t\t<\/div><!-- .dslc-module -->\r\n\t\t\r\n\t\t<div id=\"dslc-module-cknh7gn26eg\" class=\"dslc-module-front dslc-module-DSLC_Text_Simple dslc-in-viewport-check dslc-in-viewport-anim-none  dslc-col dslc-4-col  dslc-module-handle-like-regular \" data-module-id=\"cknh7gn26eg\" data-module=\"DSLC_Text_Simple\" data-dslc-module-size=\"4\" data-dslc-anim=\"none\" data-dslc-anim-delay=\"\" data-dslc-anim-duration=\"650\"  data-dslc-anim-easing=\"ease\" data-dslc-preset=\"none\" >\r\n\r\n\t\t\t\r\n\t\t\t\r\n\t\t\r\n\t\t<div class=\"dslc-text-module-content\">\r\n\t\t\t<p>Dzia\u0142 R&D jest \u015bci\u015ble naukowy i zorientowany na przeprowadzanie licznych bada\u0144, symulacji. Zajmuje si\u0119 rozeznaniem w technologiach oraz szukaniem mo\u017cliwo\u015bci rozwoju ca\u0142ej organizacji. Rezultaty pracy cz\u0119\u015bciowo s\u0105 publikowane w formie artyku\u0142\u00f3w i prac naukowych. Cz\u0142onkowie przedstawiaj\u0105 efekty swoich dzia\u0142a\u0144 na konferencjach naukowych.<\/p>\t\t<\/div>\r\n\r\n\t\t\r\n\t\t\t\t<\/div><!-- .dslc-module -->\r\n\t\t\r\n\t\t<div id=\"dslc-module-aec204057d8\" class=\"dslc-module-front dslc-module-DSLC_Text_Simple dslc-in-viewport-check dslc-in-viewport-anim-none  dslc-col dslc-4-col  dslc-module-handle-like-regular \" data-module-id=\"aec204057d8\" data-module=\"DSLC_Text_Simple\" data-dslc-module-size=\"4\" data-dslc-anim=\"none\" data-dslc-anim-delay=\"\" data-dslc-anim-duration=\"650\"  data-dslc-anim-easing=\"ease\" data-dslc-preset=\"none\" >\r\n\r\n\t\t\t\r\n\t\t\t\r\n\t\t\r\n\t\t<div class=\"dslc-text-module-content\">\r\n\t\t\t<p style=\"color: #595959;\">Dzia\u0142 PR jest zwi\u0105zany z wizerunkiem organizacji. Do obowi\u0105zk\u00f3w dzia\u0142u PR nale\u017cy dbanie o identyfikacj\u0119 wizualn\u0105 projektu i zarz\u0105dzanie mediami spo\u0142eczno\u015bciowymi. W dziale zajmujemy si\u0119 tak\u017ce grafik\u0105 i fotografi\u0105 oraz prowadzimy rozmowy ze sponsorami. Bierzemy udzia\u0142 w wydarzeniach maj\u0105cych na celu promocj\u0119 naszego Ko\u0142a, a w sezonie pr\u00f3bujemy organizowa\u0107 nasze w\u0142asne eventy.<\/p>\t\t<\/div>\r\n\r\n\t\t\r\n\t\t\t\t<\/div><!-- .dslc-module -->\r\n\t\t\r\n\t\t<div id=\"dslc-module-5cec356148f\" class=\"dslc-module-front dslc-module-DSLC_Text_Simple dslc-in-viewport-check dslc-in-viewport-anim-none  dslc-col dslc-4-col dslc-last-col  dslc-module-handle-like-regular \" data-module-id=\"5cec356148f\" data-module=\"DSLC_Text_Simple\" data-dslc-module-size=\"4\" data-dslc-anim=\"none\" data-dslc-anim-delay=\"\" data-dslc-anim-duration=\"650\"  data-dslc-anim-easing=\"ease\" data-dslc-preset=\"none\" >\r\n\r\n\t\t\t\r\n\t\t\t\r\n\t\t\r\n\t\t<div class=\"dslc-text-module-content\">\r\n\t\t\t<p>Dzia\u0142 Konstrukcji zajmuje si\u0119 projektem kszta\u0142tu kad\u0142uba, pok\u0142adu, p\u0142ywak\u00f3w, zagadnieniami sterowania, analizami wytrzyma\u0142o\u015bciowymi oraz optymalizacj\u0105 parametr\u00f3w pod wzgl\u0119dem hydrodynamicznym. Zadaniem naszych Konstruktor\u00f3w jest stworzenie od podstaw szybkiej, zwrotnej i efektywnej energetycznie \u0142odzi.<\/p>\t\t<\/div>\r\n\r\n\t\t\r\n\t\t\t\t<\/div><!-- .dslc-module -->\r\n\t\t\r\n\t\t<div id=\"dslc-module-53b28b2629c\" class=\"dslc-module-front dslc-module-DSLC_Separator dslc-in-viewport-check dslc-in-viewport-anim-none  dslc-col dslc-12-col dslc-last-col  dslc-module-handle-like-regular \" data-module-id=\"53b28b2629c\" data-module=\"DSLC_Separator\" data-dslc-module-size=\"12\" data-dslc-anim=\"none\" data-dslc-anim-delay=\"\" data-dslc-anim-duration=\"650\"  data-dslc-anim-easing=\"ease\" data-dslc-preset=\"none\" >\r\n\r\n\t\t\t\r\n\t\t\t\r\n\t\t\t\t\t<div class=\"dslc-separator-wrapper\">\r\n\t\t\t\t<div class=\"dslc-separator dslc-separator-style-invisible\">\r\n\t\t\t\t\t\t\t\t\t<\/div>\r\n\t\t\t\t<div><\/div>\r\n\t\t\t<\/div><!-- .dslc-separator-wrapper -->\r\n\t\t\t\r\n\t\t\t\t<\/div><!-- .dslc-module -->\r\n\t\t\r\n\t\t<div id=\"dslc-module-uv52apvi06o\" class=\"dslc-module-front dslc-module-Tora_Section_Title dslc-in-viewport-check dslc-in-viewport-anim-none  dslc-col dslc-4-col  dslc-module-handle-like-regular \" data-module-id=\"uv52apvi06o\" data-module=\"Tora_Section_Title\" data-dslc-module-size=\"4\" data-dslc-anim=\"none\" data-dslc-anim-delay=\"0\" data-dslc-anim-duration=\"650\"  data-dslc-anim-easing=\"default\" data-dslc-preset=\"none\" >\r\n\r\n\t\t\t\r\n\t\t\t\r\n\t\t                <div class=\"tora-title-module\">\r\n                    <h3 class=\"tora-section-title\">Dzia\u0142 Power<\/h3>\r\n                    <span class=\"top-left-deco\"><\/span><span class=\"top-right-deco\"><\/span>\r\n                    <span class=\"bottom-deco\"><\/span>\r\n                <\/div>\r\n                \r\n\t\t\t\t<\/div><!-- .dslc-module -->\r\n\t\t\r\n\t\t<div id=\"dslc-module-9kr1hnc7j8o\" class=\"dslc-module-front dslc-module-Tora_Section_Title dslc-in-viewport-check dslc-in-viewport-anim-none  dslc-col dslc-4-col  dslc-module-handle-like-regular \" data-module-id=\"9kr1hnc7j8o\" data-module=\"Tora_Section_Title\" data-dslc-module-size=\"4\" data-dslc-anim=\"none\" data-dslc-anim-delay=\"0\" data-dslc-anim-duration=\"650\"  data-dslc-anim-easing=\"default\" data-dslc-preset=\"none\" >\r\n\r\n\t\t\t\r\n\t\t\t\r\n\t\t                <div class=\"tora-title-module\">\r\n                    <h3 class=\"tora-section-title\">Dzia\u0142 Embedded<\/h3>\r\n                    <span class=\"top-left-deco\"><\/span><span class=\"top-right-deco\"><\/span>\r\n                    <span class=\"bottom-deco\"><\/span>\r\n                <\/div>\r\n                \r\n\t\t\t\t<\/div><!-- .dslc-module -->\r\n\t\t\r\n\t\t<div id=\"dslc-module-lfk0rqfgl1\" class=\"dslc-module-front dslc-module-Tora_Section_Title dslc-in-viewport-check dslc-in-viewport-anim-none  dslc-col dslc-4-col dslc-last-col  dslc-module-handle-like-regular \" data-module-id=\"lfk0rqfgl1\" data-module=\"Tora_Section_Title\" data-dslc-module-size=\"4\" data-dslc-anim=\"none\" data-dslc-anim-delay=\"0\" data-dslc-anim-duration=\"650\"  data-dslc-anim-easing=\"default\" data-dslc-preset=\"none\" >\r\n\r\n\t\t\t\r\n\t\t\t\r\n\t\t                <div class=\"tora-title-module\">\r\n                    <h3 class=\"tora-section-title\">Dzia\u0142 Finansowania<\/h3>\r\n                    <span class=\"top-left-deco\"><\/span><span class=\"top-right-deco\"><\/span>\r\n                    <span class=\"bottom-deco\"><\/span>\r\n                <\/div>\r\n                \r\n\t\t\t\t<\/div><!-- .dslc-module -->\r\n\t\t\r\n\t\t<div id=\"dslc-module-p6mos2r8dug\" class=\"dslc-module-front dslc-module-DSLC_Text_Simple dslc-in-viewport-check dslc-in-viewport-anim-none  dslc-col dslc-4-col  dslc-module-handle-like-regular \" data-module-id=\"p6mos2r8dug\" data-module=\"DSLC_Text_Simple\" data-dslc-module-size=\"4\" data-dslc-anim=\"none\" data-dslc-anim-delay=\"\" data-dslc-anim-duration=\"650\"  data-dslc-anim-easing=\"ease\" data-dslc-preset=\"none\" >\r\n\r\n\t\t\t\r\n\t\t\t\r\n\t\t\r\n\t\t<div class=\"dslc-text-module-content\">\r\n\t\t\t<p>Dzia\u0142 Power zajmuje si\u0119 g\u0142\u00f3wnie, jak sama nazwa wskazuje, tworzeniem rozwi\u0105za\u0144 dotycz\u0105cych pozyskiwania, przetwarzania, magazynowania i wykorzystania energii elektrycznej w naszych \u0142odziach solarnych. Zadaniem dzia\u0142u jest projektowanie systemu odbioru ciep\u0142a od paneli fotowoltaicznych i elektroniki steruj\u0105co-zasilaj\u0105cej oraz dopilnowanie bezpiecze\u0144stwa elektrycznego.<\/p>\t\t<\/div>\r\n\r\n\t\t\r\n\t\t\t\t<\/div><!-- .dslc-module -->\r\n\t\t\r\n\t\t<div id=\"dslc-module-nv1or0esn0g\" class=\"dslc-module-front dslc-module-DSLC_Text_Simple dslc-in-viewport-check dslc-in-viewport-anim-none  dslc-col dslc-4-col  dslc-module-handle-like-regular \" data-module-id=\"nv1or0esn0g\" data-module=\"DSLC_Text_Simple\" data-dslc-module-size=\"4\" data-dslc-anim=\"none\" data-dslc-anim-delay=\"\" data-dslc-anim-duration=\"650\"  data-dslc-anim-easing=\"ease\" data-dslc-preset=\"none\" >\r\n\r\n\t\t\t\r\n\t\t\t\r\n\t\t\r\n\t\t<div class=\"dslc-text-module-content\">\r\n\t\t\t<p style=\"color: #595959;\">Dzia\u0142 Embedded - jego g\u0142\u00f3wnym zadaniem jest tworzenie systemu zbierania, wysy\u0142ania i przetwarzania danych z czujnik\u00f3w zawartych w \u0142odzi oraz oprogramowania, kt\u00f3re ten system obs\u0142u\u017cy. Skupiamy si\u0119 tak\u017ce na automatyzacji proces\u00f3w zwi\u0105zanych z diagnostyk\u0105, sterowaniem, a przede wszystkim z bezpiecze\u0144stwem. Za przyk\u0142ad mo\u017ce pos\u0142u\u017cy\u0107 jeden z automatycznych podsystem\u00f3w zapobiegaj\u0105cy zatopieniu.<\/p>\t\t<\/div>\r\n\r\n\t\t\r\n\t\t\t\t<\/div><!-- .dslc-module -->\r\n\t\t\r\n\t\t<div id=\"dslc-module-qqh5pmslid\" class=\"dslc-module-front dslc-module-DSLC_Text_Simple dslc-in-viewport-check dslc-in-viewport-anim-none  dslc-col dslc-4-col dslc-last-col  dslc-module-handle-like-regular \" data-module-id=\"qqh5pmslid\" data-module=\"DSLC_Text_Simple\" data-dslc-module-size=\"4\" data-dslc-anim=\"none\" data-dslc-anim-delay=\"\" data-dslc-anim-duration=\"650\"  data-dslc-anim-easing=\"ease\" data-dslc-preset=\"none\" >\r\n\r\n\t\t\t\r\n\t\t\t\r\n\t\t\r\n\t\t<div class=\"dslc-text-module-content\">\r\n\t\t\t<div dir=\"auto\">Dzia\u0142 Finansowania to nowo powsta\u0142a sekcja, kt\u00f3rej cz\u0142onkowie b\u0119d\u0105 zajmowa\u0107 si\u0119: pisaniem wniosk\u00f3w zwi\u0105zanych z finansowaniem naszej dzia\u0142alno\u015bci, redagowaniem i przechowywaniem dokument\u00f3w, zarz\u0105dzaniem bud\u017cetem projektu, pozyskiwaniem wsparcia finansowego od r\u00f3\u017cnych organizacji, czynnym rozeznaniem w konkursach oraz prowadzeniem statystyk dzia\u0142alno\u015bci.<\/div>\t\t<\/div>\r\n\r\n\t\t\r\n\t\t\t\t<\/div><!-- .dslc-module -->\r\n\t\t<\/div><\/div><\/div>\r\n\t\t<div  class=\"dslc-modules-section \" style=\"padding-bottom:45px;padding-top:45px;\" data-section-id=\"687b04045b2\">\r\n\t\t\t\t\r\n\t\t\t\t\r\n\t\t\t\t<div class=\"dslc-modules-section-wrapper dslc-clearfix\"><div class=\"dslc-modules-area dslc-col dslc-12-col dslc-last-col dslc-valign- \" data-size=\"12\" data-valign=\"\">\r\n\t\t<div id=\"dslc-module-82a2049f9a7\" class=\"dslc-module-front dslc-module-Tora_Section_Title dslc-in-viewport-check dslc-in-viewport-anim-none  dslc-col dslc-12-col dslc-last-col  dslc-module-handle-like-regular \" data-module-id=\"82a2049f9a7\" data-module=\"Tora_Section_Title\" data-dslc-module-size=\"12\" data-dslc-anim=\"none\" data-dslc-anim-delay=\"0\" data-dslc-anim-duration=\"650\"  data-dslc-anim-easing=\"default\" data-dslc-preset=\"none\" >\r\n\r\n\t\t\t\r\n\t\t\t\r\n\t\t                <div class=\"tora-title-module\">\r\n                    <h3 class=\"tora-section-title\">ZARZ\u0104D<\/h3>\r\n                    <span class=\"top-left-deco\"><\/span><span class=\"top-right-deco\"><\/span>\r\n                    <span class=\"bottom-deco\"><\/span>\r\n                <\/div>\r\n                \r\n\t\t\t\t<\/div><!-- .dslc-module -->\r\n\t\t<\/div><\/div><\/div>\r\n\t\t<div  class=\"dslc-modules-section \" style=\"padding-bottom:28px;padding-top:28px;\" data-section-id=\"ki9h9uq6nqk\">\r\n\t\t\t\t\r\n\t\t\t\t\r\n\t\t\t\t<div class=\"dslc-modules-section-wrapper dslc-clearfix\"><div class=\"dslc-modules-area dslc-col dslc-12-col dslc-last-col dslc-valign- \" data-size=\"12\" data-valign=\"\">\r\n\t\t<div id=\"dslc-module-09c1920a5b7\" class=\"dslc-module-front dslc-module-DSLC_Button dslc-in-viewport-check dslc-in-viewport-anim-none  dslc-col dslc-12-col dslc-last-col  dslc-module-handle-like-regular \" data-module-id=\"09c1920a5b7\" data-module=\"DSLC_Button\" data-dslc-module-size=\"12\" data-dslc-anim=\"none\" data-dslc-anim-delay=\"\" data-dslc-anim-duration=\"650\"  data-dslc-anim-easing=\"ease\" data-dslc-preset=\"none\" >\r\n\r\n\t\t\t\r\n\t\t\t\r\n\t\t\r\n\t\t\t<div class=\"dslc-button\">\r\n\t\t\t\t\t\t\t\t\t<a href=\"https:\/\/solarboat.pwr.edu.pl\/index.php\/glowna-a\/o-nas\/\" target=\"_self\"  onClick=\"\" class=\"\">\r\n\t\t\t\t\t\t\t\t\t\t\t\t\t\t\t\t\t\t\t\t\t<span class=\"dslc-icon dslc-icon-group\"><\/span>\t\r\n\t\t\t\t\t\t\t\t\t\t\t\t\t\t\t\t\t\t\t\t\t\t\t\t\t\t<span>O NAS<\/span>\r\n\t\t\t\t\t\t\t\t\t\t\t\t\t\t\t\t\t<\/a>\r\n\t\t\t\t\t\t\t<\/div><!-- .dslc-button -->\r\n\r\n\r\n\t\t\t\t\t\t\r\n\t\t\t\t<\/div><!-- .dslc-module -->\r\n\t\t<\/div><\/div><\/div><\/div><\/div>","protected":false},"excerpt":{"rendered":"<p>ZA\u0141OGA NASZE SEKCJE Dzia\u0142 R&amp;D Dzia\u0142 PR Dzia\u0142 Konstrukcji Dzia\u0142 R&#038;D jest \u015bci\u015ble naukowy i zorientowany na przeprowadzanie licznych bada\u0144, symulacji. Zajmuje si\u0119 rozeznaniem w technologiach oraz szukaniem mo\u017cliwo\u015bci rozwoju&nbsp;[&hellip;]<\/p>\n","protected":false},"author":2,"featured_media":0,"parent":1102,"menu_order":0,"comment_status":"closed","ping_status":"closed","template":"page-templates\/page_builder.php","meta":[],"_links":{"self":[{"href":"https:\/\/solarboat.pwr.edu.pl\/index.php\/wp-json\/wp\/v2\/pages\/1238"}],"collection":[{"href":"https:\/\/solarboat.pwr.edu.pl\/index.php\/wp-json\/wp\/v2\/pages"}],"about":[{"href":"https:\/\/solarboat.pwr.edu.pl\/index.php\/wp-json\/wp\/v2\/types\/page"}],"author":[{"embeddable":true,"href":"https:\/\/solarboat.pwr.edu.pl\/index.php\/wp-json\/wp\/v2\/users\/2"}],"replies":[{"embeddable":true,"href":"https:\/\/solarboat.pwr.edu.pl\/index.php\/wp-json\/wp\/v2\/comments?post=1238"}],"version-history":[{"count":5,"href":"https:\/\/solarboat.pwr.edu.pl\/index.php\/wp-json\/wp\/v2\/pages\/1238\/revisions"}],"predecessor-version":[{"id":1478,"href":"https:\/\/solarboat.pwr.edu.pl\/index.php\/wp-json\/wp\/v2\/pages\/1238\/revisions\/1478"}],"up":[{"embeddable":true,"href":"https:\/\/solarboat.pwr.edu.pl\/index.php\/wp-json\/wp\/v2\/pages\/1102"}],"wp:attachment":[{"href":"https:\/\/solarboat.pwr.edu.pl\/index.php\/wp-json\/wp\/v2\/media?parent=1238"}],"curies":[{"name":"wp","href":"https:\/\/api.w.org\/{rel}","templated":true}]}}